{"id":168,"date":"2016-05-08T13:06:55","date_gmt":"2016-05-08T13:06:55","guid":{"rendered":"https:\/\/oceanwp.org\/gym\/?page_id=168"},"modified":"2024-06-10T15:49:50","modified_gmt":"2024-06-10T13:49:50","slug":"lequipe","status":"publish","type":"page","link":"https:\/\/www.lecabanondelulu.fr\/index.php\/lequipe\/","title":{"rendered":"L&#8217;\u00c9QUIPE"},"content":{"rendered":"\t\t<div data-elementor-type=\"wp-page\" data-elementor-id=\"168\" class=\"elementor elementor-168\">\n\t\t\t\t\t\t<section class=\"elementor-section elementor-top-section elementor-element elementor-element-f8f790c elementor-section-height-min-height elementor-section-boxed elementor-section-height-default elementor-section-items-middle\" data-id=\"f8f790c\" data-element_type=\"section\" data-e-type=\"section\" data-settings=\"{&quot;background_background&quot;:&quot;classic&quot;}\">\n\t\t\t\t\t\t\t<div class=\"elementor-background-overlay\"><\/div>\n\t\t\t\t\t\t\t<div class=\"elementor-container elementor-column-gap-default\">\n\t\t\t\t\t<div class=\"elementor-column elementor-col-100 elementor-top-column elementor-element elementor-element-f590f43\" data-id=\"f590f43\" data-element_type=\"column\" data-e-type=\"column\">\n\t\t\t<div class=\"elementor-widget-wrap elementor-element-populated\">\n\t\t\t\t\t\t<div class=\"elementor-element elementor-element-9043e7f elementor-widget elementor-widget-heading\" data-id=\"9043e7f\" data-element_type=\"widget\" data-e-type=\"widget\" data-widget_type=\"heading.default\">\n\t\t\t\t<div class=\"elementor-widget-container\">\n\t\t\t\t\t<h1 class=\"elementor-heading-title elementor-size-default\">L'\u00e9quipe<\/h1>\t\t\t\t<\/div>\n\t\t\t\t<\/div>\n\t\t\t\t\t<\/div>\n\t\t<\/div>\n\t\t\t\t\t<\/div>\n\t\t<\/section>\n\t\t\t\t<section class=\"elementor-section elementor-top-section elementor-element elementor-element-hxb4r4j elementor-section-boxed elementor-section-height-default elementor-section-height-default\" data-id=\"hxb4r4j\" data-element_type=\"section\" data-e-type=\"section\">\n\t\t\t\t\t\t<div class=\"elementor-container elementor-column-gap-default\">\n\t\t\t\t\t<div class=\"elementor-column elementor-col-33 elementor-top-column elementor-element elementor-element-pfcxjkm\" data-id=\"pfcxjkm\" data-element_type=\"column\" data-e-type=\"column\">\n\t\t\t<div class=\"elementor-widget-wrap\">\n\t\t\t\t\t\t\t<\/div>\n\t\t<\/div>\n\t\t\t\t<div class=\"elementor-column elementor-col-33 elementor-top-column elementor-element elementor-element-gj9h3n3\" data-id=\"gj9h3n3\" data-element_type=\"column\" data-e-type=\"column\">\n\t\t\t<div class=\"elementor-widget-wrap elementor-element-populated\">\n\t\t\t\t\t\t<div class=\"elementor-element elementor-element-3sxbocs elementor-widget elementor-widget-heading\" data-id=\"3sxbocs\" data-element_type=\"widget\" data-e-type=\"widget\" data-widget_type=\"heading.default\">\n\t\t\t\t<div class=\"elementor-widget-container\">\n\t\t\t\t\t<h2 class=\"elementor-heading-title elementor-size-default\"><br>D\u00e9couvrir notre \u00e9quipe<\/h2>\t\t\t\t<\/div>\n\t\t\t\t<\/div>\n\t\t\t\t<div class=\"elementor-element elementor-element-x7eiwab elementor-widget elementor-widget-text-editor\" data-id=\"x7eiwab\" data-element_type=\"widget\" data-e-type=\"widget\" data-widget_type=\"text-editor.default\">\n\t\t\t\t<div class=\"elementor-widget-container\">\n\t\t\t\t\t\t\t\t\t<p><span class=\"d2edcug0 hpfvmrgz qv66sw1b c1et5uql lr9zc1uh a8c37x1j keod5gw0 nxhoafnm aigsh9s9 fe6kdd0r mau55g9w c8b282yb d3f4x2em iv3no6db jq4qci2q a3bd9o3v b1v8xokw oo9gr5id hzawbc8m\" dir=\"auto\">Apr\u00e8s de longs mois de r\u00e9flexion et de travaux, nous sommes pr\u00eats \u00e0 vous accueillir avec un concept qui nous tient vraiment \u00e0 c\u0153ur : offrir aux tourangeaux un espace de vie agr\u00e9able, unique, festif et convivial <span class=\"pq6dq46d tbxw36s4 knj5qynh kvgmc6g5 ditlmg2l oygrvhab nvdbi5me sf5mxxl7 gl3lb2sf hhz5lgdu\"><img decoding=\"async\" src=\"https:\/\/static.xx.fbcdn.net\/images\/emoji.php\/v9\/t51\/1.5\/16\/1f64c_1f3fb.png\" alt=\"\ud83d\ude4c\ud83c\udffb\" width=\"16\" height=\"16\" \/><\/span><\/span><\/p>\t\t\t\t\t\t\t\t<\/div>\n\t\t\t\t<\/div>\n\t\t\t\t\t<\/div>\n\t\t<\/div>\n\t\t\t\t<div class=\"elementor-column elementor-col-33 elementor-top-column elementor-element elementor-element-kwcau18\" data-id=\"kwcau18\" data-element_type=\"column\" data-e-type=\"column\">\n\t\t\t<div class=\"elementor-widget-wrap\">\n\t\t\t\t\t\t\t<\/div>\n\t\t<\/div>\n\t\t\t\t\t<\/div>\n\t\t<\/section>\n\t\t\t\t<section class=\"elementor-section elementor-top-section elementor-element elementor-element-wc32dhj elementor-section-boxed elementor-section-height-default elementor-section-height-default\" data-id=\"wc32dhj\" data-element_type=\"section\" data-e-type=\"section\">\n\t\t\t\t\t\t<div class=\"elementor-container elementor-column-gap-default\">\n\t\t\t\t\t<div class=\"elementor-column elementor-col-33 elementor-top-column elementor-element elementor-element-3lvs1hh\" data-id=\"3lvs1hh\" data-element_type=\"column\" data-e-type=\"column\">\n\t\t\t<div class=\"elementor-widget-wrap elementor-element-populated\">\n\t\t\t\t\t\t<div class=\"elementor-element elementor-element-4o50gbz elementor-widget elementor-widget-image\" data-id=\"4o50gbz\" data-element_type=\"widget\" data-e-type=\"widget\" data-widget_type=\"image.default\">\n\t\t\t\t<div class=\"elementor-widget-container\">\n\t\t\t\t\t\t\t\t\t\t\t\t\t\t\t<img fetchpriority=\"high\" decoding=\"async\" width=\"1920\" height=\"2560\" src=\"https:\/\/www.lecabanondelulu.fr\/wp-content\/uploads\/2022\/04\/278660805_337304255056280_4131146935930194470_n-scaled.jpg\" class=\"attachment-full size-full wp-image-1337\" alt=\"Le cabanon de Lulu - Alexandre\" srcset=\"https:\/\/www.lecabanondelulu.fr\/wp-content\/uploads\/2022\/04\/278660805_337304255056280_4131146935930194470_n-scaled.jpg 1920w, https:\/\/www.lecabanondelulu.fr\/wp-content\/uploads\/2022\/04\/278660805_337304255056280_4131146935930194470_n-225x300.jpg 225w, https:\/\/www.lecabanondelulu.fr\/wp-content\/uploads\/2022\/04\/278660805_337304255056280_4131146935930194470_n-768x1024.jpg 768w, https:\/\/www.lecabanondelulu.fr\/wp-content\/uploads\/2022\/04\/278660805_337304255056280_4131146935930194470_n-1152x1536.jpg 1152w, https:\/\/www.lecabanondelulu.fr\/wp-content\/uploads\/2022\/04\/278660805_337304255056280_4131146935930194470_n-1536x2048.jpg 1536w\" sizes=\"(max-width: 1920px) 100vw, 1920px\" \/>\t\t\t\t\t\t\t\t\t\t\t\t\t\t\t<\/div>\n\t\t\t\t<\/div>\n\t\t\t\t<div class=\"elementor-element elementor-element-0qyz76l elementor-widget elementor-widget-text-editor\" data-id=\"0qyz76l\" data-element_type=\"widget\" data-e-type=\"widget\" data-widget_type=\"text-editor.default\">\n\t\t\t\t<div class=\"elementor-widget-container\">\n\t\t\t\t\t\t\t\t\t<p style=\"font-weight: bold; font-size: 11px; color: #555; margin: 20px 0 5px; letter-spacing: 1px; text-transform: uppercase; text-align: center;\">Alexandre<\/p><hr style=\"background: #777; width: 45px; height: 2px; margin: 6px auto; border: 0;\" \/><h2 style=\"color: #333; font-size: 25px; font-weight: normal; margin: 0 0 20px; text-transform: uppercase; letter-spacing: 1px; text-align: center;\">FONDATEUR et g\u00e9rant<\/h2>\t\t\t\t\t\t\t\t<\/div>\n\t\t\t\t<\/div>\n\t\t\t\t\t<\/div>\n\t\t<\/div>\n\t\t\t\t<div class=\"elementor-column elementor-col-33 elementor-top-column elementor-element elementor-element-a1313yz\" data-id=\"a1313yz\" data-element_type=\"column\" data-e-type=\"column\">\n\t\t\t<div class=\"elementor-widget-wrap elementor-element-populated\">\n\t\t\t\t\t\t<div class=\"elementor-element elementor-element-39hy4bd elementor-widget elementor-widget-image\" data-id=\"39hy4bd\" data-element_type=\"widget\" data-e-type=\"widget\" data-widget_type=\"image.default\">\n\t\t\t\t<div class=\"elementor-widget-container\">\n\t\t\t\t\t\t\t\t\t\t\t\t\t\t\t<img decoding=\"async\" width=\"1855\" height=\"2560\" src=\"https:\/\/www.lecabanondelulu.fr\/wp-content\/uploads\/2024\/06\/IMG_5587-3-2-scaled.jpg\" class=\"attachment-full size-full wp-image-1472\" alt=\"\" srcset=\"https:\/\/www.lecabanondelulu.fr\/wp-content\/uploads\/2024\/06\/IMG_5587-3-2-scaled.jpg 1855w, https:\/\/www.lecabanondelulu.fr\/wp-content\/uploads\/2024\/06\/IMG_5587-3-2-217x300.jpg 217w, https:\/\/www.lecabanondelulu.fr\/wp-content\/uploads\/2024\/06\/IMG_5587-3-2-742x1024.jpg 742w, https:\/\/www.lecabanondelulu.fr\/wp-content\/uploads\/2024\/06\/IMG_5587-3-2-768x1060.jpg 768w, https:\/\/www.lecabanondelulu.fr\/wp-content\/uploads\/2024\/06\/IMG_5587-3-2-1113x1536.jpg 1113w, https:\/\/www.lecabanondelulu.fr\/wp-content\/uploads\/2024\/06\/IMG_5587-3-2-1484x2048.jpg 1484w\" sizes=\"(max-width: 1855px) 100vw, 1855px\" \/>\t\t\t\t\t\t\t\t\t\t\t\t\t\t\t<\/div>\n\t\t\t\t<\/div>\n\t\t\t\t<div class=\"elementor-element elementor-element-npdc3wa elementor-widget elementor-widget-text-editor\" data-id=\"npdc3wa\" data-element_type=\"widget\" data-e-type=\"widget\" data-widget_type=\"text-editor.default\">\n\t\t\t\t<div class=\"elementor-widget-container\">\n\t\t\t\t\t\t\t\t\t<p style=\"font-weight: bold; font-size: 11px; color: #555; margin: 20px 0 5px; letter-spacing: 1px; text-transform: uppercase; text-align: center;\">Lucas<\/p><hr style=\"background: #777; width: 45px; height: 2px; margin: 6px auto; border: 0;\" \/><h2 style=\"color: #333; font-size: 25px; font-weight: normal; margin: 0 0 20px; text-transform: uppercase; letter-spacing: 1px; text-align: center;\">BARMAN<\/h2>\t\t\t\t\t\t\t\t<\/div>\n\t\t\t\t<\/div>\n\t\t\t\t\t<\/div>\n\t\t<\/div>\n\t\t\t\t<div class=\"elementor-column elementor-col-33 elementor-top-column elementor-element elementor-element-6d4fa14\" data-id=\"6d4fa14\" data-element_type=\"column\" data-e-type=\"column\">\n\t\t\t<div class=\"elementor-widget-wrap elementor-element-populated\">\n\t\t\t\t\t\t<div class=\"elementor-element elementor-element-e3f3a1d elementor-widget elementor-widget-image\" data-id=\"e3f3a1d\" data-element_type=\"widget\" data-e-type=\"widget\" data-widget_type=\"image.default\">\n\t\t\t\t<div class=\"elementor-widget-container\">\n\t\t\t\t\t\t\t\t\t\t\t\t\t\t\t<img loading=\"lazy\" decoding=\"async\" width=\"1285\" height=\"1536\" src=\"https:\/\/www.lecabanondelulu.fr\/wp-content\/uploads\/2023\/04\/333786998_1952401198437424_2261903310068742979_n-e1681041744512.jpg\" class=\"attachment-full size-full wp-image-1388\" alt=\"\" srcset=\"https:\/\/www.lecabanondelulu.fr\/wp-content\/uploads\/2023\/04\/333786998_1952401198437424_2261903310068742979_n-e1681041744512.jpg 1285w, https:\/\/www.lecabanondelulu.fr\/wp-content\/uploads\/2023\/04\/333786998_1952401198437424_2261903310068742979_n-e1681041744512-251x300.jpg 251w, https:\/\/www.lecabanondelulu.fr\/wp-content\/uploads\/2023\/04\/333786998_1952401198437424_2261903310068742979_n-e1681041744512-857x1024.jpg 857w, https:\/\/www.lecabanondelulu.fr\/wp-content\/uploads\/2023\/04\/333786998_1952401198437424_2261903310068742979_n-e1681041744512-768x918.jpg 768w\" sizes=\"(max-width: 1285px) 100vw, 1285px\" \/>\t\t\t\t\t\t\t\t\t\t\t\t\t\t\t<\/div>\n\t\t\t\t<\/div>\n\t\t\t\t<div class=\"elementor-element elementor-element-1beb372 elementor-widget elementor-widget-text-editor\" data-id=\"1beb372\" data-element_type=\"widget\" data-e-type=\"widget\" data-widget_type=\"text-editor.default\">\n\t\t\t\t<div class=\"elementor-widget-container\">\n\t\t\t\t\t\t\t\t\t<p style=\"font-weight: bold; font-size: 11px; color: #555; margin: 20px 0 5px; letter-spacing: 1px; text-transform: uppercase; text-align: center;\">PierrICK<\/p><hr style=\"background: #777; width: 45px; height: 2px; margin: 6px auto; border: 0;\" \/><h2 style=\"color: #333; font-size: 25px; font-weight: normal; margin: 0 0 20px; text-transform: uppercase; letter-spacing: 1px; text-align: center;\">WEBMASTER<\/h2>\t\t\t\t\t\t\t\t<\/div>\n\t\t\t\t<\/div>\n\t\t\t\t\t<\/div>\n\t\t<\/div>\n\t\t\t\t\t<\/div>\n\t\t<\/section>\n\t\t\t\t<section class=\"elementor-section elementor-top-section elementor-element elementor-element-d3ead3d elementor-section-boxed elementor-section-height-default elementor-section-height-default\" data-id=\"d3ead3d\" data-element_type=\"section\" data-e-type=\"section\">\n\t\t\t\t\t\t<div class=\"elementor-container elementor-column-gap-default\">\n\t\t\t\t\t<div class=\"elementor-column elementor-col-33 elementor-top-column elementor-element elementor-element-41d15ae\" data-id=\"41d15ae\" data-element_type=\"column\" data-e-type=\"column\">\n\t\t\t<div class=\"elementor-widget-wrap\">\n\t\t\t\t\t\t\t<\/div>\n\t\t<\/div>\n\t\t\t\t<div class=\"elementor-column elementor-col-33 elementor-top-column elementor-element elementor-element-5d8f6f7\" data-id=\"5d8f6f7\" data-element_type=\"column\" data-e-type=\"column\">\n\t\t\t<div class=\"elementor-widget-wrap elementor-element-populated\">\n\t\t\t\t\t\t<div class=\"elementor-element elementor-element-90002db elementor-widget elementor-widget-image\" data-id=\"90002db\" data-element_type=\"widget\" data-e-type=\"widget\" data-widget_type=\"image.default\">\n\t\t\t\t<div class=\"elementor-widget-container\">\n\t\t\t\t\t\t\t\t\t\t\t\t\t\t\t<img loading=\"lazy\" decoding=\"async\" width=\"1920\" height=\"2560\" src=\"https:\/\/www.lecabanondelulu.fr\/wp-content\/uploads\/2022\/04\/278728102_667967314488740_6812484270324797362_n-scaled.jpg\" class=\"attachment-full size-full wp-image-1340\" alt=\"Le Cabanon de Lulu - Les associ\u00e9s\" srcset=\"https:\/\/www.lecabanondelulu.fr\/wp-content\/uploads\/2022\/04\/278728102_667967314488740_6812484270324797362_n-scaled.jpg 1920w, https:\/\/www.lecabanondelulu.fr\/wp-content\/uploads\/2022\/04\/278728102_667967314488740_6812484270324797362_n-225x300.jpg 225w, https:\/\/www.lecabanondelulu.fr\/wp-content\/uploads\/2022\/04\/278728102_667967314488740_6812484270324797362_n-768x1024.jpg 768w, https:\/\/www.lecabanondelulu.fr\/wp-content\/uploads\/2022\/04\/278728102_667967314488740_6812484270324797362_n-1152x1536.jpg 1152w, https:\/\/www.lecabanondelulu.fr\/wp-content\/uploads\/2022\/04\/278728102_667967314488740_6812484270324797362_n-1536x2048.jpg 1536w\" sizes=\"(max-width: 1920px) 100vw, 1920px\" \/>\t\t\t\t\t\t\t\t\t\t\t\t\t\t\t<\/div>\n\t\t\t\t<\/div>\n\t\t\t\t<div class=\"elementor-element elementor-element-d65ef78 elementor-widget elementor-widget-text-editor\" data-id=\"d65ef78\" data-element_type=\"widget\" data-e-type=\"widget\" data-widget_type=\"text-editor.default\">\n\t\t\t\t<div class=\"elementor-widget-container\">\n\t\t\t\t\t\t\t\t\t<p style=\"font-weight: bold; font-size: 11px; color: #555; margin: 20px 0 5px; letter-spacing: 1px; text-transform: uppercase; text-align: center;\">Claude, Charlotte et Brigitte<\/p><hr style=\"background: #777; width: 45px; height: 2px; margin: 6px auto; border: 0;\" \/><h2 style=\"color: #333; font-size: 25px; font-weight: normal; margin: 0 0 20px; text-transform: uppercase; letter-spacing: 1px; text-align: center;\">ASSOCI\u00e9s<\/h2>\t\t\t\t\t\t\t\t<\/div>\n\t\t\t\t<\/div>\n\t\t\t\t\t<\/div>\n\t\t<\/div>\n\t\t\t\t<div class=\"elementor-column elementor-col-33 elementor-top-column elementor-element elementor-element-fb52c0e\" data-id=\"fb52c0e\" data-element_type=\"column\" data-e-type=\"column\">\n\t\t\t<div class=\"elementor-widget-wrap\">\n\t\t\t\t\t\t\t<\/div>\n\t\t<\/div>\n\t\t\t\t\t<\/div>\n\t\t<\/section>\n\t\t\t\t<\/div>\n\t\t","protected":false},"excerpt":{"rendered":"<p>L&#8217;\u00e9quipe D\u00e9couvrir notre \u00e9quipe Apr\u00e8s de longs mois de r\u00e9flexion et de travaux, nous sommes pr\u00eats \u00e0 vous accueillir avec un concept qui nous tient vraiment \u00e0 c\u0153ur : offrir aux tourangeaux un espace de vie agr\u00e9able, unique, festif et convivial Alexandre FONDATEUR et g\u00e9rant Lucas BARMAN PierrICK WEBMASTER Claude, Charlotte et Brigitte ASSOCI\u00e9s<\/p>\n","protected":false},"author":1,"featured_media":0,"parent":0,"menu_order":0,"comment_status":"closed","ping_status":"closed","template":"","meta":{"_seopress_robots_primary_cat":"","_seopress_titles_title":"Le Cabanon de Lulu - restaurant \u2013 ap\u00e9ro \u2013 p\u00e9tanque \u00e0 Tours","_seopress_titles_desc":"Apr\u00e8s de longs mois de r\u00e9flexion et de travaux, nous sommes pr\u00eats \u00e0 vous accueillir avec un concept qui nous tient vraiment \u00e0 c\u0153ur : offrir aux tourangeaux un espace de vie agr\u00e9able. D\u00e9couvrez notre \u00e9quipe ...","_seopress_robots_index":"","ocean_post_layout":"full-width","ocean_both_sidebars_style":"","ocean_both_sidebars_content_width":0,"ocean_both_sidebars_sidebars_width":0,"ocean_sidebar":"0","ocean_second_sidebar":"0","ocean_disable_margins":"on","ocean_add_body_class":"","ocean_shortcode_before_top_bar":"","ocean_shortcode_after_top_bar":"","ocean_shortcode_before_header":"","ocean_shortcode_after_header":"","ocean_has_shortcode":"","ocean_shortcode_after_title":"","ocean_shortcode_before_footer_widgets":"","ocean_shortcode_after_footer_widgets":"","ocean_shortcode_before_footer_bottom":"","ocean_shortcode_after_footer_bottom":"","ocean_display_top_bar":"default","ocean_display_header":"on","ocean_header_style":"","ocean_center_header_left_menu":"0","ocean_custom_header_template":"0","ocean_custom_logo":0,"ocean_custom_retina_logo":0,"ocean_custom_logo_max_width":0,"ocean_custom_logo_tablet_max_width":0,"ocean_custom_logo_mobile_max_width":0,"ocean_custom_logo_max_height":0,"ocean_custom_logo_tablet_max_height":0,"ocean_custom_logo_mobile_max_height":0,"ocean_header_custom_menu":"0","ocean_menu_typo_font_family":"0","ocean_menu_typo_font_subset":"","ocean_menu_typo_font_size":0,"ocean_menu_typo_font_size_tablet":0,"ocean_menu_typo_font_size_mobile":0,"ocean_menu_typo_font_size_unit":"px","ocean_menu_typo_font_weight":"","ocean_menu_typo_font_weight_tablet":"","ocean_menu_typo_font_weight_mobile":"","ocean_menu_typo_transform":"","ocean_menu_typo_transform_tablet":"","ocean_menu_typo_transform_mobile":"","ocean_menu_typo_line_height":0,"ocean_menu_typo_line_height_tablet":0,"ocean_menu_typo_line_height_mobile":0,"ocean_menu_typo_line_height_unit":"","ocean_menu_typo_spacing":0,"ocean_menu_typo_spacing_tablet":0,"ocean_menu_typo_spacing_mobile":0,"ocean_menu_typo_spacing_unit":"","ocean_menu_link_color":"","ocean_menu_link_color_hover":"","ocean_menu_link_color_active":"","ocean_menu_link_background":"","ocean_menu_link_hover_background":"","ocean_menu_link_active_background":"","ocean_menu_social_links_bg":"","ocean_menu_social_hover_links_bg":"","ocean_menu_social_links_color":"","ocean_menu_social_hover_links_color":"","ocean_disable_title":"on","ocean_disable_heading":"default","ocean_post_title":"","ocean_post_subheading":"Qui sommes-nous ?","ocean_post_title_style":"background-image","ocean_post_title_background_color":"","ocean_post_title_background":448,"ocean_post_title_bg_image_position":"","ocean_post_title_bg_image_attachment":"","ocean_post_title_bg_image_repeat":"","ocean_post_title_bg_image_size":"","ocean_post_title_height":0,"ocean_post_title_bg_overlay":0.5,"ocean_post_title_bg_overlay_color":"","ocean_disable_breadcrumbs":"off","ocean_breadcrumbs_color":"","ocean_breadcrumbs_separator_color":"","ocean_breadcrumbs_links_color":"","ocean_breadcrumbs_links_hover_color":"","ocean_display_footer_widgets":"default","ocean_display_footer_bottom":"default","ocean_custom_footer_template":"0","footnotes":""},"class_list":["post-168","page","type-page","status-publish","hentry","entry"],"_links":{"self":[{"href":"https:\/\/www.lecabanondelulu.fr\/index.php\/wp-json\/wp\/v2\/pages\/168","targetHints":{"allow":["GET"]}}],"collection":[{"href":"https:\/\/www.lecabanondelulu.fr\/index.php\/wp-json\/wp\/v2\/pages"}],"about":[{"href":"https:\/\/www.lecabanondelulu.fr\/index.php\/wp-json\/wp\/v2\/types\/page"}],"author":[{"embeddable":true,"href":"https:\/\/www.lecabanondelulu.fr\/index.php\/wp-json\/wp\/v2\/users\/1"}],"replies":[{"embeddable":true,"href":"https:\/\/www.lecabanondelulu.fr\/index.php\/wp-json\/wp\/v2\/comments?post=168"}],"version-history":[{"count":101,"href":"https:\/\/www.lecabanondelulu.fr\/index.php\/wp-json\/wp\/v2\/pages\/168\/revisions"}],"predecessor-version":[{"id":1476,"href":"https:\/\/www.lecabanondelulu.fr\/index.php\/wp-json\/wp\/v2\/pages\/168\/revisions\/1476"}],"wp:attachment":[{"href":"https:\/\/www.lecabanondelulu.fr\/index.php\/wp-json\/wp\/v2\/media?parent=168"}],"curies":[{"name":"wp","href":"https:\/\/api.w.org\/{rel}","templated":true}]}}